{"id":122,"date":"2021-03-06T16:07:11","date_gmt":"2021-03-06T16:07:11","guid":{"rendered":"http:\/\/pasajecultural.es\/?page_id=122"},"modified":"2022-01-24T08:58:17","modified_gmt":"2022-01-24T08:58:17","slug":"que-es-pasaje-cultural","status":"publish","type":"page","link":"https:\/\/pasajecultural.es\/?page_id=122","title":{"rendered":"\u00bfQu\u00e9 es pasaje cultural?"},"content":{"rendered":"\n<p class=\"has-text-align-left has-medium-font-size\">Pasaje cultural es un pasadizo, un \u00a0t\u00fanel que te invita a explorar, conocer y disfrutar singulares senderos de letras. <\/p>\n\n\n\n<p class=\"has-text-align-left has-medium-font-size\">Tambi\u00e9n es un billete, un pasaporte para sumergirte en historias actuales, tejidas en el d\u00eda a d\u00eda de nuestros pueblos; y para viajar en el tiempo y descubrir hechos, paisajes y personajes \u00fanicos.<\/p>\n\n\n\n<p class=\"has-medium-font-size\"><\/p>\n\n\n\n<figure class=\"wp-block-image\"><img decoding=\"async\" src=\"https:\/\/i0.wp.com\/pasajecultural.es\/wp-content\/uploads\/2021\/03\/cropped-Pintor-Concatedral-3-scaled-1.jpg?resize=800%2C502\" alt=\"\" data-recalc-dims=\"1\"\/><\/figure>\n","protected":false},"excerpt":{"rendered":"<p> <a class=\"read-more\" href=\"https:\/\/pasajecultural.es\/?page_id=122\"><\/a><\/p>\n","protected":false},"author":1,"featured_media":0,"parent":0,"menu_order":0,"comment_status":"closed","ping_status":"closed","template":"","meta":{"spay_email":"","footnotes":""},"class_list":["post-122","page","type-page","status-publish","hentry"],"yoast_head":"<!-- This site is optimized with the Yoast SEO plugin v18.1 - https:\/\/yoast.com\/wordpress\/plugins\/seo\/ -->\n<title>\u00bfQu\u00e9 es pasaje cultural? - pasaje cultural<\/title>\n<meta name=\"robots\" content=\"index, follow, max-snippet:-1, max-image-preview:large, max-video-preview:-1\" \/>\n<link rel=\"canonical\" href=\"https:\/\/pasajecultural.es\/?page_id=122\" \/>\n<meta property=\"og:locale\" content=\"es_ES\" \/>\n<meta property=\"og:type\" content=\"article\" \/>\n<meta property=\"og:title\" content=\"\u00bfQu\u00e9 es pasaje cultural? - pasaje cultural\" \/>\n<meta property=\"og:url\" content=\"https:\/\/pasajecultural.es\/?page_id=122\" \/>\n<meta property=\"og:site_name\" content=\"pasaje cultural\" \/>\n<meta property=\"article:publisher\" content=\"https:\/\/www.facebook.com\/Pasaje-Cultural-112156814474919\" \/>\n<meta property=\"article:modified_time\" content=\"2022-01-24T08:58:17+00:00\" \/>\n<meta property=\"og:image\" content=\"http:\/\/pasajecultural.es\/wp-content\/uploads\/2021\/03\/cropped-Pintor-Concatedral-3-scaled-1-1024x643.jpg\" \/>\n<meta name=\"twitter:card\" content=\"summary_large_image\" \/>\n<script type=\"application\/ld+json\" class=\"yoast-schema-graph\">{\"@context\":\"https:\/\/schema.org\",\"@graph\":[{\"@type\":\"Organization\",\"@id\":\"https:\/\/pasajecultural.es\/#organization\",\"name\":\"Pasaje Cultural\",\"url\":\"https:\/\/pasajecultural.es\/\",\"sameAs\":[\"https:\/\/www.facebook.com\/Pasaje-Cultural-112156814474919\"],\"logo\":{\"@type\":\"ImageObject\",\"@id\":\"https:\/\/pasajecultural.es\/#logo\",\"inLanguage\":\"es\",\"url\":\"https:\/\/pasajecultural.es\/wp-content\/uploads\/2022\/01\/PasajeCultural.png\",\"contentUrl\":\"https:\/\/pasajecultural.es\/wp-content\/uploads\/2022\/01\/PasajeCultural.png\",\"width\":600,\"height\":600,\"caption\":\"Pasaje Cultural\"},\"image\":{\"@id\":\"https:\/\/pasajecultural.es\/#logo\"}},{\"@type\":\"WebSite\",\"@id\":\"https:\/\/pasajecultural.es\/#website\",\"url\":\"https:\/\/pasajecultural.es\/\",\"name\":\"pasaje cultural\",\"description\":\"noticias cultura Castell\u00f3n\",\"publisher\":{\"@id\":\"https:\/\/pasajecultural.es\/#organization\"},\"potentialAction\":[{\"@type\":\"SearchAction\",\"target\":{\"@type\":\"EntryPoint\",\"urlTemplate\":\"https:\/\/pasajecultural.es\/?s={search_term_string}\"},\"query-input\":\"required name=search_term_string\"}],\"inLanguage\":\"es\"},{\"@type\":\"ImageObject\",\"@id\":\"https:\/\/pasajecultural.es\/?page_id=122#primaryimage\",\"inLanguage\":\"es\",\"url\":\"http:\/\/pasajecultural.es\/wp-content\/uploads\/2021\/03\/cropped-Pintor-Concatedral-3-scaled-1-1024x643.jpg\",\"contentUrl\":\"http:\/\/pasajecultural.es\/wp-content\/uploads\/2021\/03\/cropped-Pintor-Concatedral-3-scaled-1-1024x643.jpg\"},{\"@type\":\"WebPage\",\"@id\":\"https:\/\/pasajecultural.es\/?page_id=122#webpage\",\"url\":\"https:\/\/pasajecultural.es\/?page_id=122\",\"name\":\"\u00bfQu\u00e9 es pasaje cultural? - pasaje cultural\",\"isPartOf\":{\"@id\":\"https:\/\/pasajecultural.es\/#website\"},\"primaryImageOfPage\":{\"@id\":\"https:\/\/pasajecultural.es\/?page_id=122#primaryimage\"},\"datePublished\":\"2021-03-06T16:07:11+00:00\",\"dateModified\":\"2022-01-24T08:58:17+00:00\",\"breadcrumb\":{\"@id\":\"https:\/\/pasajecultural.es\/?page_id=122#breadcrumb\"},\"inLanguage\":\"es\",\"potentialAction\":[{\"@type\":\"ReadAction\",\"target\":[\"https:\/\/pasajecultural.es\/?page_id=122\"]}]},{\"@type\":\"BreadcrumbList\",\"@id\":\"https:\/\/pasajecultural.es\/?page_id=122#breadcrumb\",\"itemListElement\":[{\"@type\":\"ListItem\",\"position\":1,\"name\":\"Portada\",\"item\":\"https:\/\/pasajecultural.es\/\"},{\"@type\":\"ListItem\",\"position\":2,\"name\":\"\u00bfQu\u00e9 es pasaje cultural?\"}]}]}<\/script>\n<!-- \/ Yoast SEO plugin. -->","yoast_head_json":{"title":"\u00bfQu\u00e9 es pasaje cultural? - pasaje cultural","robots":{"index":"index","follow":"follow","max-snippet":"max-snippet:-1","max-image-preview":"max-image-preview:large","max-video-preview":"max-video-preview:-1"},"canonical":"https:\/\/pasajecultural.es\/?page_id=122","og_locale":"es_ES","og_type":"article","og_title":"\u00bfQu\u00e9 es pasaje cultural? - pasaje cultural","og_url":"https:\/\/pasajecultural.es\/?page_id=122","og_site_name":"pasaje cultural","article_publisher":"https:\/\/www.facebook.com\/Pasaje-Cultural-112156814474919","article_modified_time":"2022-01-24T08:58:17+00:00","og_image":[{"url":"http:\/\/pasajecultural.es\/wp-content\/uploads\/2021\/03\/cropped-Pintor-Concatedral-3-scaled-1-1024x643.jpg"}],"twitter_card":"summary_large_image","schema":{"@context":"https:\/\/schema.org","@graph":[{"@type":"Organization","@id":"https:\/\/pasajecultural.es\/#organization","name":"Pasaje Cultural","url":"https:\/\/pasajecultural.es\/","sameAs":["https:\/\/www.facebook.com\/Pasaje-Cultural-112156814474919"],"logo":{"@type":"ImageObject","@id":"https:\/\/pasajecultural.es\/#logo","inLanguage":"es","url":"https:\/\/pasajecultural.es\/wp-content\/uploads\/2022\/01\/PasajeCultural.png","contentUrl":"https:\/\/pasajecultural.es\/wp-content\/uploads\/2022\/01\/PasajeCultural.png","width":600,"height":600,"caption":"Pasaje Cultural"},"image":{"@id":"https:\/\/pasajecultural.es\/#logo"}},{"@type":"WebSite","@id":"https:\/\/pasajecultural.es\/#website","url":"https:\/\/pasajecultural.es\/","name":"pasaje cultural","description":"noticias cultura Castell\u00f3n","publisher":{"@id":"https:\/\/pasajecultural.es\/#organization"},"potentialAction":[{"@type":"SearchAction","target":{"@type":"EntryPoint","urlTemplate":"https:\/\/pasajecultural.es\/?s={search_term_string}"},"query-input":"required name=search_term_string"}],"inLanguage":"es"},{"@type":"ImageObject","@id":"https:\/\/pasajecultural.es\/?page_id=122#primaryimage","inLanguage":"es","url":"http:\/\/pasajecultural.es\/wp-content\/uploads\/2021\/03\/cropped-Pintor-Concatedral-3-scaled-1-1024x643.jpg","contentUrl":"http:\/\/pasajecultural.es\/wp-content\/uploads\/2021\/03\/cropped-Pintor-Concatedral-3-scaled-1-1024x643.jpg"},{"@type":"WebPage","@id":"https:\/\/pasajecultural.es\/?page_id=122#webpage","url":"https:\/\/pasajecultural.es\/?page_id=122","name":"\u00bfQu\u00e9 es pasaje cultural? - pasaje cultural","isPartOf":{"@id":"https:\/\/pasajecultural.es\/#website"},"primaryImageOfPage":{"@id":"https:\/\/pasajecultural.es\/?page_id=122#primaryimage"},"datePublished":"2021-03-06T16:07:11+00:00","dateModified":"2022-01-24T08:58:17+00:00","breadcrumb":{"@id":"https:\/\/pasajecultural.es\/?page_id=122#breadcrumb"},"inLanguage":"es","potentialAction":[{"@type":"ReadAction","target":["https:\/\/pasajecultural.es\/?page_id=122"]}]},{"@type":"BreadcrumbList","@id":"https:\/\/pasajecultural.es\/?page_id=122#breadcrumb","itemListElement":[{"@type":"ListItem","position":1,"name":"Portada","item":"https:\/\/pasajecultural.es\/"},{"@type":"ListItem","position":2,"name":"\u00bfQu\u00e9 es pasaje cultural?"}]}]}},"jetpack_likes_enabled":true,"jetpack_sharing_enabled":true,"_links":{"self":[{"href":"https:\/\/pasajecultural.es\/index.php?rest_route=\/wp\/v2\/pages\/122","targetHints":{"allow":["GET"]}}],"collection":[{"href":"https:\/\/pasajecultural.es\/index.php?rest_route=\/wp\/v2\/pages"}],"about":[{"href":"https:\/\/pasajecultural.es\/index.php?rest_route=\/wp\/v2\/types\/page"}],"author":[{"embeddable":true,"href":"https:\/\/pasajecultural.es\/index.php?rest_route=\/wp\/v2\/users\/1"}],"replies":[{"embeddable":true,"href":"https:\/\/pasajecultural.es\/index.php?rest_route=%2Fwp%2Fv2%2Fcomments&post=122"}],"version-history":[{"count":16,"href":"https:\/\/pasajecultural.es\/index.php?rest_route=\/wp\/v2\/pages\/122\/revisions"}],"predecessor-version":[{"id":394,"href":"https:\/\/pasajecultural.es\/index.php?rest_route=\/wp\/v2\/pages\/122\/revisions\/394"}],"wp:attachment":[{"href":"https:\/\/pasajecultural.es\/index.php?rest_route=%2Fwp%2Fv2%2Fmedia&parent=122"}],"curies":[{"name":"wp","href":"https:\/\/api.w.org\/{rel}","templated":true}]}}